{"id":3752,"date":"2019-12-30T16:04:21","date_gmt":"2019-12-30T15:04:21","guid":{"rendered":"https:\/\/viva-stmoritz.ch\/restaurant\/"},"modified":"2026-03-27T15:44:05","modified_gmt":"2026-03-27T14:44:05","slug":"ristorante","status":"publish","type":"page","link":"https:\/\/viva-stmoritz.ch\/it\/ristorante\/","title":{"rendered":"Ristorante"},"content":{"rendered":"<div class=\"wpb-content-wrapper\"><p>[vc_row][vc_column][vc_row_inner simple_background_color=&#8221;#F9EEED&#8221;][vc_column_inner width=&#8221;1\/4&#8243;][\/vc_column_inner][vc_column_inner width=&#8221;1\/2&#8243;][vc_empty_space height=&#8221;16px&#8221;][vc_column_text css=&#8221;&#8221;]<\/p>\n<div style=\"color: red; text-align: center;\">\n<p>Gentili ospiti, si prega di notare:<\/p>\n<p><strong>6-30 aprile 2026: Chiuso<\/strong><br \/>\nIl ristorante Viva rimarr\u00e0 chiuso in questo periodo.<\/p>\n<p><strong>1-31 maggio 2026: Solo per gli ospiti dell&#8217;hotel<\/strong><br \/>\nIl ristorante \u00e8 aperto esclusivamente agli ospiti dell&#8217;Hotel San Gian. In questo periodo \u00e8 disponibile solo una selezione limitata di piatti; il nostro menu standard purtroppo non \u00e8 valido.<\/p>\n<p><strong>Dal 1\u00b0 giugno 2026: Aperto<\/strong><br \/>\nIl servizio riprende a pieno regime come di consueto.<\/div>\n<p>[\/vc_column_text][vc_empty_space height=&#8221;24px&#8221;][\/vc_column_inner][vc_column_inner width=&#8221;1\/4&#8243;][\/vc_column_inner][\/vc_row_inner][vc_empty_space height=&#8221;80px&#8221;][\/vc_column][\/vc_row][vc_row content_placement=&#8221;top&#8221; enable_parallax_background_elements=&#8221;yes&#8221; right_parallax_background_element=&#8221;762&#8243;][vc_column][vc_row_inner content_placement=&#8221;middle&#8221; row_content_width=&#8221;grid&#8221; css=&#8221;.vc_custom_1535380918653{padding-bottom: 40px !important;}&#8221;][vc_column_inner offset=&#8221;vc_col-lg-6 vc_col-md-12&#8243;]<div class=\"mkdf-section-title-holder  mkdf-st-standard mkdf-st-title-left mkdf-st-normal-space \" style=\"padding:0 0 15% 0;text-align: left\">\n\t<div class=\"mkdf-st-inner\">\n\t\t\t\t\t<h2 class=\"mkdf-st-title\" >\n\t\t\t\tVIVA<br \/> St. Moritz<br \/>\t\t\t<\/h2>\n\t\t    <span class=\"mkdf-st-line\" style=\"margin: 50px 9% 0 14%; height: 120px\"><\/span>\n    <div class=\"mkdf-st-text\" style=\"margin-top: 45px;padding-right: 40px\">\n        I nostri piatti sono particolarmente influenzati dalla cucina engadinese e dai prodotti locali speciali. Il nostro team di cucina li elabora in modo innovativo con diverse influenze provenienti da tutto il mondo. Ci impegniamo sempre per offrirvi nuove esperienze gustative.    <\/div>\n\t<\/div>\n<\/div>[vc_empty_space height=&#8221;100px&#8221;][\/vc_column_inner][vc_column_inner offset=&#8221;vc_col-lg-6 vc_col-md-12&#8243; css=&#8221;.vc_custom_1535446084271{padding-right: 0px !important;padding-left: 0px !important;}&#8221;]<div class=\"mkdf-single-image-holder    \" >\n    <div class=\"mkdf-si-inner\" >\n                                    <img loading=\"lazy\" decoding=\"async\" width=\"800\" height=\"450\" src=\"https:\/\/viva-stmoritz.ch\/wp-content\/uploads\/2019\/11\/viva-restaurant-st-moritz-innenansicht.jpg\" class=\"attachment-full size-full\" alt=\"\" srcset=\"https:\/\/viva-stmoritz.ch\/wp-content\/uploads\/2019\/11\/viva-restaurant-st-moritz-innenansicht.jpg 800w, https:\/\/viva-stmoritz.ch\/wp-content\/uploads\/2019\/11\/viva-restaurant-st-moritz-innenansicht-300x169.jpg 300w, https:\/\/viva-stmoritz.ch\/wp-content\/uploads\/2019\/11\/viva-restaurant-st-moritz-innenansicht-768x432.jpg 768w\" sizes=\"auto, (max-width: 800px) 100vw, 800px\" \/>                        <\/div>\n<\/div>[\/vc_column_inner][\/vc_row_inner][vc_row_inner row_content_width=&#8221;grid&#8221; css=&#8221;.vc_custom_1534240845257{padding-bottom: 30px !important;}&#8221;][vc_column_inner offset=&#8221;vc_col-lg-offset-1 vc_col-lg-10&#8243; css=&#8221;.vc_custom_1534234226432{padding-right: 0px !important;padding-left: 0px !important;}&#8221;]<div class=\"mkdf-single-image-holder    \" >\n    <div class=\"mkdf-si-inner\" >\n                                    <img loading=\"lazy\" decoding=\"async\" width=\"1300\" height=\"610\" src=\"https:\/\/viva-stmoritz.ch\/wp-content\/uploads\/2019\/11\/viva-restaurant-st-moritz-innenansicht2.jpg\" class=\"attachment-full size-full\" alt=\"\" srcset=\"https:\/\/viva-stmoritz.ch\/wp-content\/uploads\/2019\/11\/viva-restaurant-st-moritz-innenansicht2.jpg 1300w, https:\/\/viva-stmoritz.ch\/wp-content\/uploads\/2019\/11\/viva-restaurant-st-moritz-innenansicht2-300x141.jpg 300w, https:\/\/viva-stmoritz.ch\/wp-content\/uploads\/2019\/11\/viva-restaurant-st-moritz-innenansicht2-1024x480.jpg 1024w, https:\/\/viva-stmoritz.ch\/wp-content\/uploads\/2019\/11\/viva-restaurant-st-moritz-innenansicht2-768x360.jpg 768w\" sizes=\"auto, (max-width: 1300px) 100vw, 1300px\" \/>                        <\/div>\n<\/div>[\/vc_column_inner][\/vc_row_inner][vc_row_inner row_content_width=&#8221;grid&#8221;][vc_column_inner width=&#8221;1\/12&#8243; offset=&#8221;vc_col-lg-1 vc_hidden-md vc_hidden-sm vc_hidden-xs&#8221;][\/vc_column_inner][vc_column_inner css=&#8221;.vc_custom_1535445707647{padding-right: 0px !important;padding-left: 0px !important;}&#8221; offset=&#8221;vc_col-lg-10 vc_col-md-12 vc_col-xs-12&#8243;]<div class=\"mkdf-image-gallery mkdf-grid-list mkdf-grid-masonry-list mkdf-disable-bottom-space  mkdf-ig-masonry-type mkdf-three-columns mkdf-normal-space  \">\n\t<div class=\"mkdf-ig-inner mkdf-outer-space mkdf-masonry-list-wrapper\">\n\t\t<div class=\"mkdf-masonry-grid-sizer\"><\/div>\n\t\t<div class=\"mkdf-masonry-grid-gutter\"><\/div>\n\t\t\t\t\t\t\t\t<div class=\"mkdf-ig-image mkdf-item-space \">\n\t\t\t\t<div class=\"mkdf-ig-image-inner\">\n\t\t\t\t\t\t\t\t\t\t\t<img loading=\"lazy\" decoding=\"async\" width=\"650\" height=\"1300\" src=\"https:\/\/viva-stmoritz.ch\/wp-content\/uploads\/2019\/11\/viva-restaurant-st-moritz-innenansicht-close-up.jpg\" class=\"attachment-full size-full\" alt=\"\" srcset=\"https:\/\/viva-stmoritz.ch\/wp-content\/uploads\/2019\/11\/viva-restaurant-st-moritz-innenansicht-close-up.jpg 650w, https:\/\/viva-stmoritz.ch\/wp-content\/uploads\/2019\/11\/viva-restaurant-st-moritz-innenansicht-close-up-150x300.jpg 150w, https:\/\/viva-stmoritz.ch\/wp-content\/uploads\/2019\/11\/viva-restaurant-st-moritz-innenansicht-close-up-512x1024.jpg 512w\" sizes=\"auto, (max-width: 650px) 100vw, 650px\" \/>\t\t\t\t\t\t\t\t\t<\/div>\n\t\t\t<\/div>\n\t\t\t<\/div>\n<\/div>[\/vc_column_inner][vc_column_inner width=&#8221;1\/12&#8243; css=&#8221;.vc_custom_1535382774510{padding-right: 0px !important;}&#8221; offset=&#8221;vc_col-lg-1 vc_hidden-md vc_hidden-sm vc_hidden-xs&#8221;][\/vc_column_inner][\/vc_row_inner][\/vc_column][\/vc_row][vc_row css=&#8221;.vc_custom_1535445887028{padding-top: 140px !important;padding-bottom: 35px !important;}&#8221;][vc_column][vc_empty_space height=&#8221;64px&#8221;][\/vc_column][\/vc_row]<\/p>\n<\/div>","protected":false},"excerpt":{"rendered":"<p>[vc_row][vc_column][vc_row_inner simple_background_color=&#8221;#F9EEED&#8221;][vc_column_inner width=&#8221;1\/4&#8243;][\/vc_column_inner][vc_column_inner width=&#8221;1\/2&#8243;][vc_empty_space height=&#8221;16px&#8221;][vc_column_text css=&#8221;&#8221;] Gentili ospiti, si prega di notare: 6-30 aprile 2026: Chiuso Il ristorante Viva rimarr\u00e0 chiuso in questo periodo. 1-31 maggio 2026: Solo per gli ospiti dell&#8217;hotel Il ristorante \u00e8 aperto esclusivamente agli ospiti dell&#8217;Hotel [&hellip;]<\/p>\n","protected":false},"author":1,"featured_media":0,"parent":0,"menu_order":21,"comment_status":"closed","ping_status":"closed","template":"full-width.php","meta":{"footnotes":""},"class_list":["post-3752","page","type-page","status-publish","hentry"],"_links":{"self":[{"href":"https:\/\/viva-stmoritz.ch\/it\/wp-json\/wp\/v2\/pages\/3752","targetHints":{"allow":["GET"]}}],"collection":[{"href":"https:\/\/viva-stmoritz.ch\/it\/wp-json\/wp\/v2\/pages"}],"about":[{"href":"https:\/\/viva-stmoritz.ch\/it\/wp-json\/wp\/v2\/types\/page"}],"author":[{"embeddable":true,"href":"https:\/\/viva-stmoritz.ch\/it\/wp-json\/wp\/v2\/users\/1"}],"replies":[{"embeddable":true,"href":"https:\/\/viva-stmoritz.ch\/it\/wp-json\/wp\/v2\/comments?post=3752"}],"version-history":[{"count":9,"href":"https:\/\/viva-stmoritz.ch\/it\/wp-json\/wp\/v2\/pages\/3752\/revisions"}],"predecessor-version":[{"id":5976,"href":"https:\/\/viva-stmoritz.ch\/it\/wp-json\/wp\/v2\/pages\/3752\/revisions\/5976"}],"wp:attachment":[{"href":"https:\/\/viva-stmoritz.ch\/it\/wp-json\/wp\/v2\/media?parent=3752"}],"curies":[{"name":"wp","href":"https:\/\/api.w.org\/{rel}","templated":true}]}}